{"id":4535,"date":"2018-04-03T13:53:14","date_gmt":"2018-04-03T13:53:14","guid":{"rendered":"https:\/\/veosinox.ca\/coins-protecteurs\/"},"modified":"2026-05-02T08:48:45","modified_gmt":"2026-05-02T08:48:45","slug":"coins-protecteurs-en-acier-inoxydable","status":"publish","type":"page","link":"https:\/\/veosinox.ca\/en\/coins-protecteurs-en-acier-inoxydable\/","title":{"rendered":"Coins protecteurs"},"content":{"rendered":"<p><\/p>","protected":false},"excerpt":{"rendered":"","protected":false},"author":2,"featured_media":0,"parent":0,"menu_order":0,"comment_status":"closed","ping_status":"closed","template":"","meta":{"content-type":"","footnotes":""},"class_list":["post-4535","page","type-page","status-publish","hentry"],"yoast_head":"<!-- This site is optimized with the Yoast SEO plugin v27.5 - https:\/\/yoast.com\/product\/yoast-seo-wordpress\/ -->\n<title>Coins protecteurs en acier inoxydable - Livraison Rapide - Veos Inox<\/title>\n<meta name=\"description\" content=\"Coins protecteurs en acier inoxydable - Nos coins protecteurs sont d&#039;\u00e9paisseur de 20 Ga \u00e0 11 Ga (0.95 \u00e0 3.18 mm) en 304 ou 316. Livraison Rapide.\" \/>\n<meta name=\"robots\" content=\"index, follow, max-snippet:-1, max-image-preview:large, max-video-preview:-1\" \/>\n<link rel=\"canonical\" href=\"https:\/\/veosinox.ca\/en\/coins-protecteurs-en-acier-inoxydable\/\" \/>\n<meta property=\"og:locale\" content=\"en_US\" \/>\n<meta property=\"og:type\" content=\"article\" \/>\n<meta property=\"og:title\" content=\"Coins protecteurs en acier inoxydable\" \/>\n<meta property=\"og:description\" content=\"Avec notre design de replis au mur pour une meilleure qualit\u00e9 et une installation plus facile. Nous avons en inventaire des \u00e9paisseurs de 20 Ga et 16 Ga, mais nous pouvons tout faire sur-mesure.\" \/>\n<meta property=\"og:url\" content=\"https:\/\/veosinox.ca\/en\/coins-protecteurs-en-acier-inoxydable\/\" \/>\n<meta property=\"og:site_name\" content=\"Veos Inox\" \/>\n<meta property=\"article:publisher\" content=\"https:\/\/www.facebook.com\/artinoxdesigninc\" \/>\n<meta property=\"article:modified_time\" content=\"2026-05-02T08:48:45+00:00\" \/>\n<meta property=\"og:image\" content=\"https:\/\/veosinox.ca\/wp-content\/uploads\/2018\/04\/ArtInoxDesign-Honda-Acier-Inoxydable-coin-protecteur-Stainless-Steel-Corner-optimiser.png\" \/>\n\t<meta property=\"og:image:width\" content=\"1000\" \/>\n\t<meta property=\"og:image:height\" content=\"660\" \/>\n\t<meta property=\"og:image:type\" content=\"image\/png\" \/>\n<meta name=\"twitter:card\" content=\"summary_large_image\" \/>\n<meta name=\"twitter:label1\" content=\"Est. reading time\" \/>\n\t<meta name=\"twitter:data1\" content=\"4 minutes\" \/>\n<script type=\"application\/ld+json\" class=\"yoast-schema-graph\">{\"@context\":\"https:\\\/\\\/schema.org\",\"@graph\":[{\"@type\":\"WebPage\",\"@id\":\"https:\\\/\\\/veosinox.ca\\\/en\\\/coins-protecteurs-en-acier-inoxydable\\\/\",\"url\":\"https:\\\/\\\/veosinox.ca\\\/en\\\/coins-protecteurs-en-acier-inoxydable\\\/\",\"name\":\"Coins protecteurs en acier inoxydable - Livraison Rapide - Veos Inox\",\"isPartOf\":{\"@id\":\"https:\\\/\\\/veosinox.ca\\\/en\\\/#website\"},\"datePublished\":\"2018-04-03T13:53:14+00:00\",\"dateModified\":\"2026-05-02T08:48:45+00:00\",\"description\":\"Coins protecteurs en acier inoxydable - Nos coins protecteurs sont d'\u00e9paisseur de 20 Ga \u00e0 11 Ga (0.95 \u00e0 3.18 mm) en 304 ou 316. Livraison Rapide.\",\"breadcrumb\":{\"@id\":\"https:\\\/\\\/veosinox.ca\\\/en\\\/coins-protecteurs-en-acier-inoxydable\\\/#breadcrumb\"},\"inLanguage\":\"en-US\",\"potentialAction\":[{\"@type\":\"ReadAction\",\"target\":[\"https:\\\/\\\/veosinox.ca\\\/en\\\/coins-protecteurs-en-acier-inoxydable\\\/\"]}]},{\"@type\":\"BreadcrumbList\",\"@id\":\"https:\\\/\\\/veosinox.ca\\\/en\\\/coins-protecteurs-en-acier-inoxydable\\\/#breadcrumb\",\"itemListElement\":[{\"@type\":\"ListItem\",\"position\":1,\"name\":\"Home\",\"item\":\"https:\\\/\\\/veosinox.ca\\\/en\\\/\"},{\"@type\":\"ListItem\",\"position\":2,\"name\":\"Coins protecteurs\"}]},{\"@type\":\"WebSite\",\"@id\":\"https:\\\/\\\/veosinox.ca\\\/en\\\/#website\",\"url\":\"https:\\\/\\\/veosinox.ca\\\/en\\\/\",\"name\":\"Veos Inox\",\"description\":\"Fabrication de produit en acier inoxydable\",\"publisher\":{\"@id\":\"https:\\\/\\\/veosinox.ca\\\/en\\\/#organization\"},\"potentialAction\":[{\"@type\":\"SearchAction\",\"target\":{\"@type\":\"EntryPoint\",\"urlTemplate\":\"https:\\\/\\\/veosinox.ca\\\/en\\\/?s={search_term_string}\"},\"query-input\":{\"@type\":\"PropertyValueSpecification\",\"valueRequired\":true,\"valueName\":\"search_term_string\"}}],\"inLanguage\":\"en-US\"},{\"@type\":\"Organization\",\"@id\":\"https:\\\/\\\/veosinox.ca\\\/en\\\/#organization\",\"name\":\"Veos Inox inc\",\"url\":\"https:\\\/\\\/veosinox.ca\\\/en\\\/\",\"logo\":{\"@type\":\"ImageObject\",\"inLanguage\":\"en-US\",\"@id\":\"https:\\\/\\\/veosinox.ca\\\/en\\\/#\\\/schema\\\/logo\\\/image\\\/\",\"url\":\"https:\\\/\\\/veosinox.ca\\\/wp-content\\\/uploads\\\/2019\\\/10\\\/Logo-Veos-Inox.png\",\"contentUrl\":\"https:\\\/\\\/veosinox.ca\\\/wp-content\\\/uploads\\\/2019\\\/10\\\/Logo-Veos-Inox.png\",\"width\":1665,\"height\":1052,\"caption\":\"Veos Inox inc\"},\"image\":{\"@id\":\"https:\\\/\\\/veosinox.ca\\\/en\\\/#\\\/schema\\\/logo\\\/image\\\/\"},\"sameAs\":[\"https:\\\/\\\/www.facebook.com\\\/artinoxdesigninc\",\"https:\\\/\\\/www.instagram.com\\\/artinoxdesign\\\/\",\"https:\\\/\\\/www.linkedin.com\\\/company\\\/art-inox-design\"]}]}<\/script>\n<!-- \/ Yoast SEO plugin. -->","yoast_head_json":{"title":"Coins protecteurs en acier inoxydable - Livraison Rapide - Veos Inox","description":"Coins protecteurs en acier inoxydable - Nos coins protecteurs sont d'\u00e9paisseur de 20 Ga \u00e0 11 Ga (0.95 \u00e0 3.18 mm) en 304 ou 316. Livraison Rapide.","robots":{"index":"index","follow":"follow","max-snippet":"max-snippet:-1","max-image-preview":"max-image-preview:large","max-video-preview":"max-video-preview:-1"},"canonical":"https:\/\/veosinox.ca\/en\/coins-protecteurs-en-acier-inoxydable\/","og_locale":"en_US","og_type":"article","og_title":"Coins protecteurs en acier inoxydable","og_description":"Avec notre design de replis au mur pour une meilleure qualit\u00e9 et une installation plus facile. Nous avons en inventaire des \u00e9paisseurs de 20 Ga et 16 Ga, mais nous pouvons tout faire sur-mesure.","og_url":"https:\/\/veosinox.ca\/en\/coins-protecteurs-en-acier-inoxydable\/","og_site_name":"Veos Inox","article_publisher":"https:\/\/www.facebook.com\/artinoxdesigninc","article_modified_time":"2026-05-02T08:48:45+00:00","og_image":[{"width":1000,"height":660,"url":"https:\/\/veosinox.ca\/wp-content\/uploads\/2018\/04\/ArtInoxDesign-Honda-Acier-Inoxydable-coin-protecteur-Stainless-Steel-Corner-optimiser.png","type":"image\/png"}],"twitter_card":"summary_large_image","twitter_misc":{"Est. reading time":"4 minutes"},"schema":{"@context":"https:\/\/schema.org","@graph":[{"@type":"WebPage","@id":"https:\/\/veosinox.ca\/en\/coins-protecteurs-en-acier-inoxydable\/","url":"https:\/\/veosinox.ca\/en\/coins-protecteurs-en-acier-inoxydable\/","name":"Coins protecteurs en acier inoxydable - Livraison Rapide - Veos Inox","isPartOf":{"@id":"https:\/\/veosinox.ca\/en\/#website"},"datePublished":"2018-04-03T13:53:14+00:00","dateModified":"2026-05-02T08:48:45+00:00","description":"Coins protecteurs en acier inoxydable - Nos coins protecteurs sont d'\u00e9paisseur de 20 Ga \u00e0 11 Ga (0.95 \u00e0 3.18 mm) en 304 ou 316. Livraison Rapide.","breadcrumb":{"@id":"https:\/\/veosinox.ca\/en\/coins-protecteurs-en-acier-inoxydable\/#breadcrumb"},"inLanguage":"en-US","potentialAction":[{"@type":"ReadAction","target":["https:\/\/veosinox.ca\/en\/coins-protecteurs-en-acier-inoxydable\/"]}]},{"@type":"BreadcrumbList","@id":"https:\/\/veosinox.ca\/en\/coins-protecteurs-en-acier-inoxydable\/#breadcrumb","itemListElement":[{"@type":"ListItem","position":1,"name":"Home","item":"https:\/\/veosinox.ca\/en\/"},{"@type":"ListItem","position":2,"name":"Coins protecteurs"}]},{"@type":"WebSite","@id":"https:\/\/veosinox.ca\/en\/#website","url":"https:\/\/veosinox.ca\/en\/","name":"Veos Inox","description":"Fabrication de produit en acier inoxydable","publisher":{"@id":"https:\/\/veosinox.ca\/en\/#organization"},"potentialAction":[{"@type":"SearchAction","target":{"@type":"EntryPoint","urlTemplate":"https:\/\/veosinox.ca\/en\/?s={search_term_string}"},"query-input":{"@type":"PropertyValueSpecification","valueRequired":true,"valueName":"search_term_string"}}],"inLanguage":"en-US"},{"@type":"Organization","@id":"https:\/\/veosinox.ca\/en\/#organization","name":"Veos Inox inc","url":"https:\/\/veosinox.ca\/en\/","logo":{"@type":"ImageObject","inLanguage":"en-US","@id":"https:\/\/veosinox.ca\/en\/#\/schema\/logo\/image\/","url":"https:\/\/veosinox.ca\/wp-content\/uploads\/2019\/10\/Logo-Veos-Inox.png","contentUrl":"https:\/\/veosinox.ca\/wp-content\/uploads\/2019\/10\/Logo-Veos-Inox.png","width":1665,"height":1052,"caption":"Veos Inox inc"},"image":{"@id":"https:\/\/veosinox.ca\/en\/#\/schema\/logo\/image\/"},"sameAs":["https:\/\/www.facebook.com\/artinoxdesigninc","https:\/\/www.instagram.com\/artinoxdesign\/","https:\/\/www.linkedin.com\/company\/art-inox-design"]}]}},"_links":{"self":[{"href":"https:\/\/veosinox.ca\/en\/wp-json\/wp\/v2\/pages\/4535","targetHints":{"allow":["GET"]}}],"collection":[{"href":"https:\/\/veosinox.ca\/en\/wp-json\/wp\/v2\/pages"}],"about":[{"href":"https:\/\/veosinox.ca\/en\/wp-json\/wp\/v2\/types\/page"}],"author":[{"embeddable":true,"href":"https:\/\/veosinox.ca\/en\/wp-json\/wp\/v2\/users\/2"}],"replies":[{"embeddable":true,"href":"https:\/\/veosinox.ca\/en\/wp-json\/wp\/v2\/comments?post=4535"}],"version-history":[{"count":10,"href":"https:\/\/veosinox.ca\/en\/wp-json\/wp\/v2\/pages\/4535\/revisions"}],"predecessor-version":[{"id":6811,"href":"https:\/\/veosinox.ca\/en\/wp-json\/wp\/v2\/pages\/4535\/revisions\/6811"}],"wp:attachment":[{"href":"https:\/\/veosinox.ca\/en\/wp-json\/wp\/v2\/media?parent=4535"}],"curies":[{"name":"wp","href":"https:\/\/api.w.org\/{rel}","templated":true}]}}